{"id":64,"date":"2023-04-27T06:43:02","date_gmt":"2023-04-27T06:43:02","guid":{"rendered":"https:\/\/23bkatzlinger.ideanet.at\/?page_id=64"},"modified":"2023-05-12T11:07:00","modified_gmt":"2023-05-12T11:07:00","slug":"ueber-mich","status":"publish","type":"page","link":"https:\/\/23bkatzlinger.ideanet.at\/?page_id=64","title":{"rendered":"\u00dcber mich"},"content":{"rendered":"\t\t<div data-elementor-type=\"wp-page\" data-elementor-id=\"64\" class=\"elementor elementor-64\">\n\t\t\t\t\t\t<section class=\"elementor-section elementor-top-section elementor-element elementor-element-bf6d4e9 elementor-section-boxed elementor-section-height-default elementor-section-height-default\" data-id=\"bf6d4e9\" data-element_type=\"section\" data-e-type=\"section\" data-settings=\"{&quot;background_background&quot;:&quot;classic&quot;}\">\n\t\t\t\t\t\t<div class=\"elementor-container elementor-column-gap-default\">\n\t\t\t\t\t<div class=\"elementor-column elementor-col-100 elementor-top-column elementor-element elementor-element-dfce031\" data-id=\"dfce031\" data-element_type=\"column\" data-e-type=\"column\">\n\t\t\t<div class=\"elementor-widget-wrap elementor-element-populated\">\n\t\t\t\t\t\t<div class=\"elementor-element elementor-element-df5c2d3 elementor-widget__width-inherit elementor-widget elementor-widget-heading\" data-id=\"df5c2d3\" data-element_type=\"widget\" data-e-type=\"widget\" data-widget_type=\"heading.default\">\n\t\t\t\t<div class=\"elementor-widget-container\">\n\t\t\t\t\t<h2 class=\"elementor-heading-title elementor-size-default\">About me<\/h2>\t\t\t\t<\/div>\n\t\t\t\t<\/div>\n\t\t\t\t\t<\/div>\n\t\t<\/div>\n\t\t\t\t\t<\/div>\n\t\t<\/section>\n\t\t\t\t<section class=\"elementor-section elementor-top-section elementor-element elementor-element-505321f elementor-section-boxed elementor-section-height-default elementor-section-height-default\" data-id=\"505321f\" data-element_type=\"section\" data-e-type=\"section\">\n\t\t\t\t\t\t<div class=\"elementor-container elementor-column-gap-default\">\n\t\t\t\t\t<div class=\"elementor-column elementor-col-50 elementor-top-column elementor-element elementor-element-0f0009f\" data-id=\"0f0009f\" data-element_type=\"column\" data-e-type=\"column\">\n\t\t\t<div class=\"elementor-widget-wrap elementor-element-populated\">\n\t\t\t\t\t\t<div class=\"elementor-element elementor-element-4481036 elementor-widget elementor-widget-image\" data-id=\"4481036\" data-element_type=\"widget\" data-e-type=\"widget\" data-widget_type=\"image.default\">\n\t\t\t\t<div class=\"elementor-widget-container\">\n\t\t\t\t\t\t\t\t\t\t\t\t\t\t\t<img fetchpriority=\"high\" decoding=\"async\" width=\"367\" height=\"462\" src=\"https:\/\/23bkatzlinger.ideanet.at\/wp-content\/uploads\/2023\/05\/Screenshot-2023-05-12-122240.png\" class=\"attachment-medium_large size-medium_large wp-image-146\" alt=\"\" srcset=\"https:\/\/23bkatzlinger.ideanet.at\/wp-content\/uploads\/2023\/05\/Screenshot-2023-05-12-122240.png 367w, https:\/\/23bkatzlinger.ideanet.at\/wp-content\/uploads\/2023\/05\/Screenshot-2023-05-12-122240-238x300.png 238w\" sizes=\"(max-width: 367px) 100vw, 367px\" \/>\t\t\t\t\t\t\t\t\t\t\t\t\t\t\t<\/div>\n\t\t\t\t<\/div>\n\t\t\t\t\t<\/div>\n\t\t<\/div>\n\t\t\t\t<div class=\"elementor-column elementor-col-50 elementor-top-column elementor-element elementor-element-35ca163\" data-id=\"35ca163\" data-element_type=\"column\" data-e-type=\"column\">\n\t\t\t<div class=\"elementor-widget-wrap elementor-element-populated\">\n\t\t\t\t\t\t<div class=\"elementor-element elementor-element-c0fc89c elementor-widget elementor-widget-text-editor\" data-id=\"c0fc89c\" data-element_type=\"widget\" data-e-type=\"widget\" data-widget_type=\"text-editor.default\">\n\t\t\t\t<div class=\"elementor-widget-container\">\n\t\t\t\t\t\t\t\t\t<p><span data-offset-key=\"bkv4k-424-0\">Me<\/span><span data-offset-key=\"bkv4k-425-0\">in<\/span><span data-offset-key=\"bkv4k-426-0\"> Name<\/span><span data-offset-key=\"bkv4k-427-0\"> is<\/span><span data-offset-key=\"bkv4k-428-0\">t<\/span><span data-offset-key=\"bkv4k-429-0\"> Benedikt Katzlinger<\/span><span data-offset-key=\"bkv4k-431-0\">\u00a0und<\/span> <span data-offset-key=\"bkv4k-433-0\">ich<\/span><span data-offset-key=\"bkv4k-434-0\"> bin<\/span><span data-offset-key=\"bkv4k-435-0\"> e<\/span><span data-offset-key=\"bkv4k-436-0\">in<\/span><span data-offset-key=\"bkv4k-437-0\"> profession<\/span><span data-offset-key=\"bkv4k-438-0\">eller<\/span><span data-offset-key=\"bkv4k-439-0\"> Re<\/span><span data-offset-key=\"bkv4k-440-0\">ise<\/span><span data-offset-key=\"bkv4k-441-0\">blog<\/span><span data-offset-key=\"bkv4k-442-0\">ger<\/span><span data-offset-key=\"bkv4k-443-0\"> und<\/span><span data-offset-key=\"bkv4k-444-0\"> Web<\/span><span data-offset-key=\"bkv4k-445-0\">&#8211;<\/span><span data-offset-key=\"bkv4k-446-0\">Design<\/span><span data-offset-key=\"bkv4k-447-0\">er<\/span><span data-offset-key=\"bkv4k-448-0\">.<\/span><span data-offset-key=\"bkv4k-449-0\"> Ich<\/span><span data-offset-key=\"bkv4k-450-0\"> bin<\/span><span data-offset-key=\"bkv4k-451-0\"> se<\/span><span data-offset-key=\"bkv4k-452-0\">it<\/span><span data-offset-key=\"bkv4k-453-0\"> \u00fc<\/span><span data-offset-key=\"bkv4k-454-0\">ber<\/span><span data-offset-key=\"bkv4k-455-0\"> 5<\/span><span data-offset-key=\"bkv4k-456-0\">\u00a0Jah<\/span><span data-offset-key=\"bkv4k-457-0\">ren<\/span><span data-offset-key=\"bkv4k-458-0\"> im<\/span><span data-offset-key=\"bkv4k-459-0\"> Re<\/span><span data-offset-key=\"bkv4k-460-0\">ise<\/span><span data-offset-key=\"bkv4k-461-0\">ges<\/span><span data-offset-key=\"bkv4k-462-0\">ch<\/span><span data-offset-key=\"bkv4k-463-0\">\u00e4<\/span><span data-offset-key=\"bkv4k-464-0\">ft<\/span><span data-offset-key=\"bkv4k-465-0\"> t<\/span><span data-offset-key=\"bkv4k-466-0\">\u00e4<\/span><span data-offset-key=\"bkv4k-467-0\">t<\/span><span data-offset-key=\"bkv4k-468-0\">ig<\/span><span data-offset-key=\"bkv4k-469-0\"> und<\/span><span data-offset-key=\"bkv4k-470-0\"> ha<\/span><span data-offset-key=\"bkv4k-471-0\">be<\/span><span data-offset-key=\"bkv4k-472-0\"> in<\/span><span data-offset-key=\"bkv4k-473-0\"> dies<\/span><span data-offset-key=\"bkv4k-474-0\">er<\/span><span data-offset-key=\"bkv4k-475-0\"> Zeit<\/span><span data-offset-key=\"bkv4k-476-0\"> z<\/span><span data-offset-key=\"bkv4k-477-0\">ahl<\/span><span data-offset-key=\"bkv4k-478-0\">re<\/span><span data-offset-key=\"bkv4k-479-0\">iche<\/span><span data-offset-key=\"bkv4k-480-0\"> L<\/span><span data-offset-key=\"bkv4k-481-0\">\u00e4<\/span><span data-offset-key=\"bkv4k-482-0\">nder<\/span><span data-offset-key=\"bkv4k-483-0\"> bere<\/span><span data-offset-key=\"bkv4k-484-0\">ist<\/span><span data-offset-key=\"bkv4k-485-0\"> und<\/span><span data-offset-key=\"bkv4k-486-0\"> \u00fc<\/span><span data-offset-key=\"bkv4k-487-0\">ber<\/span><span data-offset-key=\"bkv4k-488-0\"> me<\/span><span data-offset-key=\"bkv4k-489-0\">ine<\/span><span data-offset-key=\"bkv4k-490-0\"> Er<\/span><span data-offset-key=\"bkv4k-491-0\">f<\/span><span data-offset-key=\"bkv4k-492-0\">ah<\/span><span data-offset-key=\"bkv4k-493-0\">r<\/span><span data-offset-key=\"bkv4k-494-0\">ung<\/span><span data-offset-key=\"bkv4k-495-0\">en<\/span><span data-offset-key=\"bkv4k-496-0\"> g<\/span><span data-offset-key=\"bkv4k-497-0\">es<\/span><span data-offset-key=\"bkv4k-498-0\">ch<\/span><span data-offset-key=\"bkv4k-499-0\">ri<\/span><span data-offset-key=\"bkv4k-500-0\">eb<\/span><span data-offset-key=\"bkv4k-501-0\">en<\/span><span data-offset-key=\"bkv4k-502-0\">.<\/span><span data-offset-key=\"bkv4k-503-0\"> Me<\/span><span data-offset-key=\"bkv4k-504-0\">in<\/span><span data-offset-key=\"bkv4k-505-0\"> Z<\/span><span data-offset-key=\"bkv4k-506-0\">iel<\/span><span data-offset-key=\"bkv4k-507-0\"> is<\/span><span data-offset-key=\"bkv4k-508-0\">t<\/span><span data-offset-key=\"bkv4k-509-0\"> es<\/span><span data-offset-key=\"bkv4k-510-0\">,<\/span><span data-offset-key=\"bkv4k-511-0\"> Mens<\/span><span data-offset-key=\"bkv4k-512-0\">chen<\/span><span data-offset-key=\"bkv4k-513-0\"> d<\/span><span data-offset-key=\"bkv4k-514-0\">abe<\/span><span data-offset-key=\"bkv4k-515-0\">i<\/span><span data-offset-key=\"bkv4k-516-0\"> z<\/span><span data-offset-key=\"bkv4k-517-0\">u<\/span><span data-offset-key=\"bkv4k-518-0\"> hel<\/span><span data-offset-key=\"bkv4k-519-0\">fen<\/span><span data-offset-key=\"bkv4k-520-0\">,<\/span><span data-offset-key=\"bkv4k-521-0\"> i<\/span><span data-offset-key=\"bkv4k-522-0\">h<\/span><span data-offset-key=\"bkv4k-523-0\">re<\/span><span data-offset-key=\"bkv4k-524-0\"> Re<\/span><span data-offset-key=\"bkv4k-525-0\">ise<\/span><span data-offset-key=\"bkv4k-526-0\">er<\/span><span data-offset-key=\"bkv4k-527-0\">f<\/span><span data-offset-key=\"bkv4k-528-0\">ah<\/span><span data-offset-key=\"bkv4k-529-0\">r<\/span><span data-offset-key=\"bkv4k-530-0\">ung<\/span><span data-offset-key=\"bkv4k-531-0\">en<\/span><span data-offset-key=\"bkv4k-532-0\"> z<\/span><span data-offset-key=\"bkv4k-533-0\">u<\/span><span data-offset-key=\"bkv4k-534-0\"> optim<\/span><span data-offset-key=\"bkv4k-535-0\">ie<\/span><span data-offset-key=\"bkv4k-536-0\">ren<\/span><span data-offset-key=\"bkv4k-537-0\">.<\/span><span data-offset-key=\"bkv4k-538-0\"> Ich<\/span><span data-offset-key=\"bkv4k-539-0\"> bin<\/span><span data-offset-key=\"bkv4k-540-0\"> e<\/span><span data-offset-key=\"bkv4k-541-0\">in<\/span><span data-offset-key=\"bkv4k-542-0\"> Exper<\/span><span data-offset-key=\"bkv4k-543-0\">te<\/span><span data-offset-key=\"bkv4k-544-0\"> in<\/span><span data-offset-key=\"bkv4k-545-0\"> Kon<\/span><span data-offset-key=\"bkv4k-546-0\">ze<\/span><span data-offset-key=\"bkv4k-547-0\">ption<\/span><span data-offset-key=\"bkv4k-548-0\">,<\/span><span data-offset-key=\"bkv4k-549-0\"> Inter<\/span><span data-offset-key=\"bkv4k-550-0\">ak<\/span><span data-offset-key=\"bkv4k-551-0\">tions<\/span><span data-offset-key=\"bkv4k-552-0\">design<\/span><span data-offset-key=\"bkv4k-553-0\"> und<\/span><span data-offset-key=\"bkv4k-554-0\"> Web<\/span><span data-offset-key=\"bkv4k-555-0\">&#8211;<\/span><span data-offset-key=\"bkv4k-556-0\">Development<\/span><span data-offset-key=\"bkv4k-557-0\"> und<\/span><span data-offset-key=\"bkv4k-558-0\"> k<\/span><span data-offset-key=\"bkv4k-559-0\">ann<\/span><span data-offset-key=\"bkv4k-560-0\"> I<\/span><span data-offset-key=\"bkv4k-561-0\">hn<\/span><span data-offset-key=\"bkv4k-562-0\">en<\/span><span data-offset-key=\"bkv4k-563-0\"> hel<\/span><span data-offset-key=\"bkv4k-564-0\">fen<\/span><span data-offset-key=\"bkv4k-565-0\">,<\/span><span data-offset-key=\"bkv4k-566-0\"> I<\/span><span data-offset-key=\"bkv4k-567-0\">h<\/span><span data-offset-key=\"bkv4k-568-0\">re<\/span><span data-offset-key=\"bkv4k-569-0\"> Re<\/span><span data-offset-key=\"bkv4k-570-0\">ise<\/span><span data-offset-key=\"bkv4k-571-0\">vision<\/span><span data-offset-key=\"bkv4k-572-0\">en<\/span><span data-offset-key=\"bkv4k-573-0\"> in<\/span><span data-offset-key=\"bkv4k-574-0\"> die<\/span><span data-offset-key=\"bkv4k-575-0\"> Real<\/span><span data-offset-key=\"bkv4k-576-0\">it<\/span><span data-offset-key=\"bkv4k-577-0\">\u00e4<\/span><span data-offset-key=\"bkv4k-578-0\">t<\/span><span data-offset-key=\"bkv4k-579-0\"> um<\/span><span data-offset-key=\"bkv4k-580-0\">z<\/span><span data-offset-key=\"bkv4k-581-0\">us<\/span><span data-offset-key=\"bkv4k-582-0\">et<\/span><span data-offset-key=\"bkv4k-583-0\">zen<\/span><span data-offset-key=\"bkv4k-584-0\">.<\/span><span data-offset-key=\"bkv4k-585-0\"> Ich<\/span><span data-offset-key=\"bkv4k-586-0\"> lie<\/span><span data-offset-key=\"bkv4k-587-0\">be<\/span><span data-offset-key=\"bkv4k-588-0\"> es<\/span><span data-offset-key=\"bkv4k-589-0\">,<\/span><span data-offset-key=\"bkv4k-590-0\"> ne<\/span><span data-offset-key=\"bkv4k-591-0\">ue<\/span><span data-offset-key=\"bkv4k-592-0\"> Techn<\/span><span data-offset-key=\"bkv4k-593-0\">olog<\/span><span data-offset-key=\"bkv4k-594-0\">ien<\/span><span data-offset-key=\"bkv4k-595-0\"> z<\/span><span data-offset-key=\"bkv4k-596-0\">u<\/span><span data-offset-key=\"bkv4k-597-0\"> er<\/span><span data-offset-key=\"bkv4k-598-0\">k<\/span><span data-offset-key=\"bkv4k-599-0\">und<\/span><span data-offset-key=\"bkv4k-600-0\">en<\/span><span data-offset-key=\"bkv4k-601-0\"> und<\/span><span data-offset-key=\"bkv4k-602-0\"> innovative<\/span><span data-offset-key=\"bkv4k-603-0\"> Designs<\/span><span data-offset-key=\"bkv4k-604-0\"> z<\/span><span data-offset-key=\"bkv4k-605-0\">u<\/span><span data-offset-key=\"bkv4k-606-0\"> ent<\/span><span data-offset-key=\"bkv4k-607-0\">wic<\/span><span data-offset-key=\"bkv4k-608-0\">kel<\/span><span data-offset-key=\"bkv4k-609-0\">n<\/span><span data-offset-key=\"bkv4k-610-0\">,<\/span><span data-offset-key=\"bkv4k-611-0\"> die<\/span><span data-offset-key=\"bkv4k-612-0\"> e<\/span><span data-offset-key=\"bkv4k-613-0\">ine<\/span><span data-offset-key=\"bkv4k-614-0\"> e<\/span><span data-offset-key=\"bkv4k-615-0\">in<\/span><span data-offset-key=\"bkv4k-616-0\">zig<\/span><span data-offset-key=\"bkv4k-617-0\">art<\/span><span data-offset-key=\"bkv4k-618-0\">ige<\/span><span data-offset-key=\"bkv4k-619-0\"> Online<\/span><span data-offset-key=\"bkv4k-620-0\">&#8211;<\/span><span data-offset-key=\"bkv4k-621-0\">Pr<\/span><span data-offset-key=\"bkv4k-622-0\">\u00e4<\/span><span data-offset-key=\"bkv4k-623-0\">sen<\/span><span data-offset-key=\"bkv4k-624-0\">z<\/span><span data-offset-key=\"bkv4k-625-0\"> f<\/span><span data-offset-key=\"bkv4k-626-0\">\u00fcr<\/span><span data-offset-key=\"bkv4k-627-0\"> me<\/span><span data-offset-key=\"bkv4k-628-0\">ine<\/span><span data-offset-key=\"bkv4k-629-0\"> Kund<\/span><span data-offset-key=\"bkv4k-630-0\">en<\/span><span data-offset-key=\"bkv4k-631-0\"> sch<\/span><span data-offset-key=\"bkv4k-632-0\">aff<\/span><span data-offset-key=\"bkv4k-633-0\">en<\/span><span data-offset-key=\"bkv4k-634-0\">.<\/span><\/p>\t\t\t\t\t\t\t\t<\/div>\n\t\t\t\t<\/div>\n\t\t\t\t\t<\/div>\n\t\t<\/div>\n\t\t\t\t\t<\/div>\n\t\t<\/section>\n\t\t\t\t<\/div>\n\t\t<div class=\"shariff shariff-align-center shariff-widget-align-left\" style=\"display:none\"><ul class=\"shariff-buttons theme-round orientation-horizontal buttonsize-small\"><li class=\"shariff-button facebook shariff-nocustomcolor\" style=\"background-color:#4273c8;border-radius:35%\"><a href=\"https:\/\/www.facebook.com\/sharer\/sharer.php?u=https%3A%2F%2F23bkatzlinger.ideanet.at%2F%3Fpage_id%3D64\" title=\"Bei Facebook teilen\" aria-label=\"Bei Facebook teilen\" role=\"button\" rel=\"nofollow\" class=\"shariff-link\" style=\";border-radius:35%; background-color:#3b5998; color:#fff\" target=\"_blank\"><span class=\"shariff-icon\" style=\"\"><svg width=\"32px\" height=\"20px\" xmlns=\"http:\/\/www.w3.org\/2000\/svg\" viewBox=\"0 0 18 32\"><path fill=\"#3b5998\" d=\"M17.1 0.2v4.7h-2.8q-1.5 0-2.1 0.6t-0.5 1.9v3.4h5.2l-0.7 5.3h-4.5v13.6h-5.5v-13.6h-4.5v-5.3h4.5v-3.9q0-3.3 1.9-5.2t5-1.8q2.6 0 4.1 0.2z\"\/><\/svg><\/span><\/a><\/li><li class=\"shariff-button linkedin shariff-nocustomcolor\" style=\"background-color:#1488bf;border-radius:35%\"><a href=\"https:\/\/www.linkedin.com\/sharing\/share-offsite\/?url=https%3A%2F%2F23bkatzlinger.ideanet.at%2F%3Fpage_id%3D64\" title=\"Bei LinkedIn teilen\" aria-label=\"Bei LinkedIn teilen\" role=\"button\" rel=\"noopener nofollow\" class=\"shariff-link\" style=\";border-radius:35%; background-color:#0077b5; color:#fff\" target=\"_blank\"><span class=\"shariff-icon\" style=\"\"><svg width=\"32px\" height=\"20px\" xmlns=\"http:\/\/www.w3.org\/2000\/svg\" viewBox=\"0 0 27 32\"><path fill=\"#0077b5\" d=\"M6.2 11.2v17.7h-5.9v-17.7h5.9zM6.6 5.7q0 1.3-0.9 2.2t-2.4 0.9h0q-1.5 0-2.4-0.9t-0.9-2.2 0.9-2.2 2.4-0.9 2.4 0.9 0.9 2.2zM27.4 18.7v10.1h-5.9v-9.5q0-1.9-0.7-2.9t-2.3-1.1q-1.1 0-1.9 0.6t-1.2 1.5q-0.2 0.5-0.2 1.4v9.9h-5.9q0-7.1 0-11.6t0-5.3l0-0.9h5.9v2.6h0q0.4-0.6 0.7-1t1-0.9 1.6-0.8 2-0.3q3 0 4.9 2t1.9 6z\"\/><\/svg><\/span><\/a><\/li><li class=\"shariff-button whatsapp shariff-nocustomcolor\" style=\"background-color:#5cbe4a;border-radius:35%\"><a href=\"https:\/\/api.whatsapp.com\/send?text=https%3A%2F%2F23bkatzlinger.ideanet.at%2F%3Fpage_id%3D64%20%C3%9Cber%20mich\" title=\"Bei Whatsapp teilen\" aria-label=\"Bei Whatsapp teilen\" role=\"button\" rel=\"noopener nofollow\" class=\"shariff-link\" style=\";border-radius:35%; background-color:#34af23; color:#fff\" target=\"_blank\"><span class=\"shariff-icon\" style=\"\"><svg width=\"32px\" height=\"20px\" xmlns=\"http:\/\/www.w3.org\/2000\/svg\" viewBox=\"0 0 32 32\"><path fill=\"#34af23\" d=\"M17.6 17.4q0.2 0 1.7 0.8t1.6 0.9q0 0.1 0 0.3 0 0.6-0.3 1.4-0.3 0.7-1.3 1.2t-1.8 0.5q-1 0-3.4-1.1-1.7-0.8-3-2.1t-2.6-3.3q-1.3-1.9-1.3-3.5v-0.1q0.1-1.6 1.3-2.8 0.4-0.4 0.9-0.4 0.1 0 0.3 0t0.3 0q0.3 0 0.5 0.1t0.3 0.5q0.1 0.4 0.6 1.6t0.4 1.3q0 0.4-0.6 1t-0.6 0.8q0 0.1 0.1 0.3 0.6 1.3 1.8 2.4 1 0.9 2.7 1.8 0.2 0.1 0.4 0.1 0.3 0 1-0.9t0.9-0.9zM14 26.9q2.3 0 4.3-0.9t3.6-2.4 2.4-3.6 0.9-4.3-0.9-4.3-2.4-3.6-3.6-2.4-4.3-0.9-4.3 0.9-3.6 2.4-2.4 3.6-0.9 4.3q0 3.6 2.1 6.6l-1.4 4.2 4.3-1.4q2.8 1.9 6.2 1.9zM14 2.2q2.7 0 5.2 1.1t4.3 2.9 2.9 4.3 1.1 5.2-1.1 5.2-2.9 4.3-4.3 2.9-5.2 1.1q-3.5 0-6.5-1.7l-7.4 2.4 2.4-7.2q-1.9-3.2-1.9-6.9 0-2.7 1.1-5.2t2.9-4.3 4.3-2.9 5.2-1.1z\"\/><\/svg><\/span><\/a><\/li><li class=\"shariff-button twitter shariff-nocustomcolor\" style=\"background-color:#595959;border-radius:35%\"><a href=\"https:\/\/twitter.com\/share?url=https%3A%2F%2F23bkatzlinger.ideanet.at%2F%3Fpage_id%3D64&text=%C3%9Cber%20mich\" title=\"Bei X teilen\" aria-label=\"Bei X teilen\" role=\"button\" rel=\"noopener nofollow\" class=\"shariff-link\" style=\";border-radius:35%; background-color:#000; color:#fff\" target=\"_blank\"><span class=\"shariff-icon\" style=\"\"><svg width=\"32px\" height=\"20px\" xmlns=\"http:\/\/www.w3.org\/2000\/svg\" viewBox=\"0 0 24 24\"><path fill=\"#000\" d=\"M14.258 10.152L23.176 0h-2.113l-7.747 8.813L7.133 0H0l9.352 13.328L0 23.973h2.113l8.176-9.309 6.531 9.309h7.133zm-2.895 3.293l-.949-1.328L2.875 1.56h3.246l6.086 8.523.945 1.328 7.91 11.078h-3.246zm0 0\"\/><\/svg><\/span><\/a><\/li><li class=\"shariff-button reddit shariff-nocustomcolor\" style=\"background-color:#ff5700;border-radius:35%\"><a href=\"https:\/\/www.reddit.com\/submit?url=https%3A%2F%2F23bkatzlinger.ideanet.at%2F%3Fpage_id%3D64\" title=\"Bei Reddit teilen\" aria-label=\"Bei Reddit teilen\" role=\"button\" rel=\"noopener nofollow\" class=\"shariff-link\" style=\";border-radius:35%; background-color:#ff4500; color:#fff\" target=\"_blank\"><span class=\"shariff-icon\" style=\"\"><svg xmlns=\"http:\/\/www.w3.org\/2000\/svg\" viewBox=\"0 0 512 512\"><path fill=\"#ff4500\" d=\"M440.3 203.5c-15 0-28.2 6.2-37.9 15.9-35.7-24.7-83.8-40.6-137.1-42.3L293 52.3l88.2 19.8c0 21.6 17.6 39.2 39.2 39.2 22 0 39.7-18.1 39.7-39.7s-17.6-39.7-39.7-39.7c-15.4 0-28.7 9.3-35.3 22l-97.4-21.6c-4.9-1.3-9.7 2.2-11 7.1L246.3 177c-52.9 2.2-100.5 18.1-136.3 42.8-9.7-10.1-23.4-16.3-38.4-16.3-55.6 0-73.8 74.6-22.9 100.1-1.8 7.9-2.6 16.3-2.6 24.7 0 83.8 94.4 151.7 210.3 151.7 116.4 0 210.8-67.9 210.8-151.7 0-8.4-.9-17.2-3.1-25.1 49.9-25.6 31.5-99.7-23.8-99.7zM129.4 308.9c0-22 17.6-39.7 39.7-39.7 21.6 0 39.2 17.6 39.2 39.7 0 21.6-17.6 39.2-39.2 39.2-22 .1-39.7-17.6-39.7-39.2zm214.3 93.5c-36.4 36.4-139.1 36.4-175.5 0-4-3.5-4-9.7 0-13.7 3.5-3.5 9.7-3.5 13.2 0 27.8 28.5 120 29 149 0 3.5-3.5 9.7-3.5 13.2 0 4.1 4 4.1 10.2.1 13.7zm-.8-54.2c-21.6 0-39.2-17.6-39.2-39.2 0-22 17.6-39.7 39.2-39.7 22 0 39.7 17.6 39.7 39.7-.1 21.5-17.7 39.2-39.7 39.2z\"\/><\/svg><\/span><\/a><\/li><\/ul><\/div>","protected":false},"excerpt":{"rendered":"<p>About me Mein Name ist Benedikt Katzlinger\u00a0und ich bin ein professioneller Reiseblogger und Web-Designer. Ich bin seit \u00fcber 5\u00a0Jahren im Reisegesch\u00e4ft t\u00e4tig und habe in dieser Zeit zahlreiche L\u00e4nder bereist und \u00fcber meine Erfahrungen geschrieben. Mein Ziel ist es, Menschen dabei zu helfen, ihre Reiseerfahrungen zu optimieren. Ich bin ein Experte in Konzeption, Interaktionsdesign und [&hellip;]<\/p>\n","protected":false},"author":1,"featured_media":0,"parent":0,"menu_order":0,"comment_status":"closed","ping_status":"closed","template":"","meta":{"site-sidebar-layout":"no-sidebar","site-content-layout":"page-builder","ast-site-content-layout":"default","site-content-style":"default","site-sidebar-style":"default","ast-global-header-display":"","ast-banner-title-visibility":"","ast-main-header-display":"","ast-hfb-above-header-display":"","ast-hfb-below-header-display":"","ast-hfb-mobile-header-display":"","site-post-title":"disabled","ast-breadcrumbs-content":"","ast-featured-img":"disabled","footer-sml-layout":"","ast-disable-related-posts":"","theme-transparent-header-meta":"","adv-header-id-meta":"","stick-header-meta":"","header-above-stick-meta":"","header-main-stick-meta":"","header-below-stick-meta":"","astra-migrate-meta-layouts":"default","ast-page-background-enabled":"default","ast-page-background-meta":{"desktop":{"background-color":"var(--ast-global-color-4)","background-image":"","background-repeat":"repeat","background-position":"center center","background-size":"auto","background-attachment":"scroll","background-type":"","background-media":"","overlay-type":"","overlay-color":"","overlay-opacity":"","overlay-gradient":""},"tablet":{"background-color":"","background-image":"","background-repeat":"repeat","background-position":"center center","background-size":"auto","background-attachment":"scroll","background-type":"","background-media":"","overlay-type":"","overlay-color":"","overlay-opacity":"","overlay-gradient":""},"mobile":{"background-color":"","background-image":"","background-repeat":"repeat","background-position":"center center","background-size":"auto","background-attachment":"scroll","background-type":"","background-media":"","overlay-type":"","overlay-color":"","overlay-opacity":"","overlay-gradient":""}},"ast-content-background-meta":{"desktop":{"background-color":"var(--ast-global-color-5)","background-image":"","background-repeat":"repeat","background-position":"center center","background-size":"auto","background-attachment":"scroll","background-type":"","background-media":"","overlay-type":"","overlay-color":"","overlay-opacity":"","overlay-gradient":""},"tablet":{"background-color":"var(--ast-global-color-5)","background-image":"","background-repeat":"repeat","background-position":"center center","background-size":"auto","background-attachment":"scroll","background-type":"","background-media":"","overlay-type":"","overlay-color":"","overlay-opacity":"","overlay-gradient":""},"mobile":{"background-color":"var(--ast-global-color-5)","background-image":"","background-repeat":"repeat","background-position":"center center","background-size":"auto","background-attachment":"scroll","background-type":"","background-media":"","overlay-type":"","overlay-color":"","overlay-opacity":"","overlay-gradient":""}},"footnotes":""},"class_list":["post-64","page","type-page","status-publish","hentry"],"_links":{"self":[{"href":"https:\/\/23bkatzlinger.ideanet.at\/index.php?rest_route=\/wp\/v2\/pages\/64","targetHints":{"allow":["GET"]}}],"collection":[{"href":"https:\/\/23bkatzlinger.ideanet.at\/index.php?rest_route=\/wp\/v2\/pages"}],"about":[{"href":"https:\/\/23bkatzlinger.ideanet.at\/index.php?rest_route=\/wp\/v2\/types\/page"}],"author":[{"embeddable":true,"href":"https:\/\/23bkatzlinger.ideanet.at\/index.php?rest_route=\/wp\/v2\/users\/1"}],"replies":[{"embeddable":true,"href":"https:\/\/23bkatzlinger.ideanet.at\/index.php?rest_route=%2Fwp%2Fv2%2Fcomments&post=64"}],"version-history":[{"count":16,"href":"https:\/\/23bkatzlinger.ideanet.at\/index.php?rest_route=\/wp\/v2\/pages\/64\/revisions"}],"predecessor-version":[{"id":179,"href":"https:\/\/23bkatzlinger.ideanet.at\/index.php?rest_route=\/wp\/v2\/pages\/64\/revisions\/179"}],"wp:attachment":[{"href":"https:\/\/23bkatzlinger.ideanet.at\/index.php?rest_route=%2Fwp%2Fv2%2Fmedia&parent=64"}],"curies":[{"name":"wp","href":"https:\/\/api.w.org\/{rel}","templated":true}]}}